{"id":5,"date":"2020-10-27T13:06:07","date_gmt":"2020-10-27T11:06:07","guid":{"rendered":"http:\/\/justinebonvarlet.cloud\/?page_id=5"},"modified":"2025-12-27T18:15:16","modified_gmt":"2025-12-27T17:15:16","slug":"justine-bonvarlet","status":"publish","type":"page","link":"https:\/\/justinebonvarlet.cloud\/index.php\/galerie-2\/justine-bonvarlet\/","title":{"rendered":"Expos en Cours"},"content":{"rendered":"\n<div data-wp-interactive=\"core\/file\" class=\"wp-block-file\"><object data-wp-bind--hidden=\"!state.hasPdfPreview\" hidden class=\"wp-block-file__embed\" data=\"https:\/\/justinebonvarlet.cloud\/wp-content\/uploads\/2024\/09\/Invitation-Personnelle-Salon-dAutomne-2024-0412.pdf\" type=\"application\/pdf\" style=\"width:100%;height:600px\" aria-label=\"PDF embarqu\u00e9\"><\/object><a href=\"https:\/\/justinebonvarlet.cloud\/wp-content\/uploads\/2024\/09\/Invitation-Personnelle-Salon-dAutomne-2024-0412.pdf\" class=\"wp-block-file__button wp-element-button\" download>T\u00e9l\u00e9charger<\/a><\/div>\n\n\n\n<figure class=\"wp-block-image size-full\"><img data-recalc-dims=\"1\" loading=\"lazy\" decoding=\"async\" width=\"640\" height=\"846\" data-attachment-id=\"3196\" data-permalink=\"https:\/\/justinebonvarlet.cloud\/index.php\/galerie-2\/justine-bonvarlet\/flyers-la-baule-5-oct-2024-4\/\" data-orig-file=\"https:\/\/i0.wp.com\/justinebonvarlet.cloud\/wp-content\/uploads\/2024\/09\/Flyers-La-Baule-5-oct-2024-4.png?fit=652%2C862&amp;ssl=1\" data-orig-size=\"652,862\" data-comments-opened=\"0\" data-image-meta=\"{&quot;aperture&quot;:&quot;0&quot;,&quot;credit&quot;:&quot;&quot;,&quot;camera&quot;:&quot;&quot;,&quot;caption&quot;:&quot;&quot;,&quot;created_timestamp&quot;:&quot;0&quot;,&quot;copyright&quot;:&quot;&quot;,&quot;focal_length&quot;:&quot;0&quot;,&quot;iso&quot;:&quot;0&quot;,&quot;shutter_speed&quot;:&quot;0&quot;,&quot;title&quot;:&quot;&quot;,&quot;orientation&quot;:&quot;0&quot;}\" data-image-title=\"Flyers La Baule 5-oct-2024-4\" data-image-description=\"\" data-image-caption=\"\" data-large-file=\"https:\/\/i0.wp.com\/justinebonvarlet.cloud\/wp-content\/uploads\/2024\/09\/Flyers-La-Baule-5-oct-2024-4.png?fit=640%2C846&amp;ssl=1\" src=\"https:\/\/i0.wp.com\/justinebonvarlet.cloud\/wp-content\/uploads\/2024\/09\/Flyers-La-Baule-5-oct-2024-4.png?resize=640%2C846&#038;ssl=1\" alt=\"\" class=\"wp-image-3196\" srcset=\"https:\/\/i0.wp.com\/justinebonvarlet.cloud\/wp-content\/uploads\/2024\/09\/Flyers-La-Baule-5-oct-2024-4.png?w=652&amp;ssl=1 652w, https:\/\/i0.wp.com\/justinebonvarlet.cloud\/wp-content\/uploads\/2024\/09\/Flyers-La-Baule-5-oct-2024-4.png?resize=227%2C300&amp;ssl=1 227w\" sizes=\"auto, (max-width: 640px) 100vw, 640px\" \/><\/figure>\n\n\n\n<p>Expo collective au 44 e salon International de Haute Loire du 9 au 24 aout 2023<\/p>\n\n\n\n<figure class=\"wp-block-image size-large is-resized\"><img data-recalc-dims=\"1\" loading=\"lazy\" decoding=\"async\" width=\"640\" height=\"521\" data-attachment-id=\"2903\" data-permalink=\"https:\/\/justinebonvarlet.cloud\/index.php\/galerie-2\/justine-bonvarlet\/capture-decran-2023-06-17-a-16-57-15-3\/\" data-orig-file=\"https:\/\/i0.wp.com\/justinebonvarlet.cloud\/wp-content\/uploads\/2023\/06\/Capture-decran-2023-06-17-a-16.57.15-3.jpeg?fit=2013%2C1640&amp;ssl=1\" data-orig-size=\"2013,1640\" data-comments-opened=\"1\" data-image-meta=\"{&quot;aperture&quot;:&quot;0&quot;,&quot;credit&quot;:&quot;&quot;,&quot;camera&quot;:&quot;&quot;,&quot;caption&quot;:&quot;&quot;,&quot;created_timestamp&quot;:&quot;0&quot;,&quot;copyright&quot;:&quot;&quot;,&quot;focal_length&quot;:&quot;0&quot;,&quot;iso&quot;:&quot;0&quot;,&quot;shutter_speed&quot;:&quot;0&quot;,&quot;title&quot;:&quot;&quot;,&quot;orientation&quot;:&quot;1&quot;}\" data-image-title=\"Capture-decran-2023-06-17-a-16.57.15-3\" data-image-description=\"\" data-image-caption=\"\" data-large-file=\"https:\/\/i0.wp.com\/justinebonvarlet.cloud\/wp-content\/uploads\/2023\/06\/Capture-decran-2023-06-17-a-16.57.15-3.jpeg?fit=640%2C521&amp;ssl=1\" src=\"https:\/\/i0.wp.com\/justinebonvarlet.cloud\/wp-content\/uploads\/2023\/06\/Capture-decran-2023-06-17-a-16.57.15-3.jpeg?resize=640%2C521&#038;ssl=1\" alt=\"\" class=\"wp-image-2903\" style=\"width:345px;height:280px\" srcset=\"https:\/\/i0.wp.com\/justinebonvarlet.cloud\/wp-content\/uploads\/2023\/06\/Capture-decran-2023-06-17-a-16.57.15-3.jpeg?resize=1024%2C834&amp;ssl=1 1024w, https:\/\/i0.wp.com\/justinebonvarlet.cloud\/wp-content\/uploads\/2023\/06\/Capture-decran-2023-06-17-a-16.57.15-3.jpeg?resize=300%2C244&amp;ssl=1 300w, https:\/\/i0.wp.com\/justinebonvarlet.cloud\/wp-content\/uploads\/2023\/06\/Capture-decran-2023-06-17-a-16.57.15-3.jpeg?resize=768%2C626&amp;ssl=1 768w, https:\/\/i0.wp.com\/justinebonvarlet.cloud\/wp-content\/uploads\/2023\/06\/Capture-decran-2023-06-17-a-16.57.15-3.jpeg?resize=1536%2C1251&amp;ssl=1 1536w, https:\/\/i0.wp.com\/justinebonvarlet.cloud\/wp-content\/uploads\/2023\/06\/Capture-decran-2023-06-17-a-16.57.15-3.jpeg?resize=1568%2C1277&amp;ssl=1 1568w, https:\/\/i0.wp.com\/justinebonvarlet.cloud\/wp-content\/uploads\/2023\/06\/Capture-decran-2023-06-17-a-16.57.15-3.jpeg?w=2013&amp;ssl=1 2013w, https:\/\/i0.wp.com\/justinebonvarlet.cloud\/wp-content\/uploads\/2023\/06\/Capture-decran-2023-06-17-a-16.57.15-3.jpeg?w=1280&amp;ssl=1 1280w, https:\/\/i0.wp.com\/justinebonvarlet.cloud\/wp-content\/uploads\/2023\/06\/Capture-decran-2023-06-17-a-16.57.15-3.jpeg?w=1920&amp;ssl=1 1920w\" sizes=\"auto, (max-width: 640px) 100vw, 640px\" \/><\/figure>\n\n\n\n<figure class=\"wp-block-image size-large is-resized\"><img data-recalc-dims=\"1\" loading=\"lazy\" decoding=\"async\" width=\"640\" height=\"528\" data-attachment-id=\"2904\" data-permalink=\"https:\/\/justinebonvarlet.cloud\/index.php\/galerie-2\/justine-bonvarlet\/capture-decran-2023-06-17-a-16-58-27-2\/\" data-orig-file=\"https:\/\/i0.wp.com\/justinebonvarlet.cloud\/wp-content\/uploads\/2023\/06\/Capture-decran-2023-06-17-a-16.58.27-2.jpeg?fit=2010%2C1657&amp;ssl=1\" data-orig-size=\"2010,1657\" data-comments-opened=\"1\" data-image-meta=\"{&quot;aperture&quot;:&quot;0&quot;,&quot;credit&quot;:&quot;&quot;,&quot;camera&quot;:&quot;&quot;,&quot;caption&quot;:&quot;&quot;,&quot;created_timestamp&quot;:&quot;0&quot;,&quot;copyright&quot;:&quot;&quot;,&quot;focal_length&quot;:&quot;0&quot;,&quot;iso&quot;:&quot;0&quot;,&quot;shutter_speed&quot;:&quot;0&quot;,&quot;title&quot;:&quot;&quot;,&quot;orientation&quot;:&quot;1&quot;}\" data-image-title=\"Capture-decran-2023-06-17-a-16.58.27-2\" data-image-description=\"\" data-image-caption=\"\" data-large-file=\"https:\/\/i0.wp.com\/justinebonvarlet.cloud\/wp-content\/uploads\/2023\/06\/Capture-decran-2023-06-17-a-16.58.27-2.jpeg?fit=640%2C528&amp;ssl=1\" src=\"https:\/\/i0.wp.com\/justinebonvarlet.cloud\/wp-content\/uploads\/2023\/06\/Capture-decran-2023-06-17-a-16.58.27-2.jpeg?resize=640%2C528&#038;ssl=1\" alt=\"\" class=\"wp-image-2904\" style=\"width:482px;height:397px\" srcset=\"https:\/\/i0.wp.com\/justinebonvarlet.cloud\/wp-content\/uploads\/2023\/06\/Capture-decran-2023-06-17-a-16.58.27-2.jpeg?resize=1024%2C844&amp;ssl=1 1024w, https:\/\/i0.wp.com\/justinebonvarlet.cloud\/wp-content\/uploads\/2023\/06\/Capture-decran-2023-06-17-a-16.58.27-2.jpeg?resize=300%2C247&amp;ssl=1 300w, https:\/\/i0.wp.com\/justinebonvarlet.cloud\/wp-content\/uploads\/2023\/06\/Capture-decran-2023-06-17-a-16.58.27-2.jpeg?resize=768%2C633&amp;ssl=1 768w, https:\/\/i0.wp.com\/justinebonvarlet.cloud\/wp-content\/uploads\/2023\/06\/Capture-decran-2023-06-17-a-16.58.27-2.jpeg?resize=1536%2C1266&amp;ssl=1 1536w, https:\/\/i0.wp.com\/justinebonvarlet.cloud\/wp-content\/uploads\/2023\/06\/Capture-decran-2023-06-17-a-16.58.27-2.jpeg?resize=1568%2C1293&amp;ssl=1 1568w, https:\/\/i0.wp.com\/justinebonvarlet.cloud\/wp-content\/uploads\/2023\/06\/Capture-decran-2023-06-17-a-16.58.27-2.jpeg?w=2010&amp;ssl=1 2010w, https:\/\/i0.wp.com\/justinebonvarlet.cloud\/wp-content\/uploads\/2023\/06\/Capture-decran-2023-06-17-a-16.58.27-2.jpeg?w=1280&amp;ssl=1 1280w, https:\/\/i0.wp.com\/justinebonvarlet.cloud\/wp-content\/uploads\/2023\/06\/Capture-decran-2023-06-17-a-16.58.27-2.jpeg?w=1920&amp;ssl=1 1920w\" sizes=\"auto, (max-width: 640px) 100vw, 640px\" \/><\/figure>\n\n\n\n<p>Expo Galerie Les N\u00e9r\u00e9ides \u00e0 st Quay Avril 2023<\/p>\n\n\n\n<figure class=\"wp-block-image size-large\"><img data-recalc-dims=\"1\" loading=\"lazy\" decoding=\"async\" width=\"473\" height=\"1024\" data-attachment-id=\"2888\" data-permalink=\"https:\/\/justinebonvarlet.cloud\/index.php\/galerie-2\/justine-bonvarlet\/img_2277\/\" data-orig-file=\"https:\/\/i0.wp.com\/justinebonvarlet.cloud\/wp-content\/uploads\/2023\/05\/img_2277.jpg?fit=1170%2C2532&amp;ssl=1\" data-orig-size=\"1170,2532\" data-comments-opened=\"1\" data-image-meta=\"{&quot;aperture&quot;:&quot;0&quot;,&quot;credit&quot;:&quot;&quot;,&quot;camera&quot;:&quot;&quot;,&quot;caption&quot;:&quot;&quot;,&quot;created_timestamp&quot;:&quot;0&quot;,&quot;copyright&quot;:&quot;&quot;,&quot;focal_length&quot;:&quot;0&quot;,&quot;iso&quot;:&quot;0&quot;,&quot;shutter_speed&quot;:&quot;0&quot;,&quot;title&quot;:&quot;&quot;,&quot;orientation&quot;:&quot;1&quot;}\" data-image-title=\"img_2277\" data-image-description=\"\" data-image-caption=\"\" data-large-file=\"https:\/\/i0.wp.com\/justinebonvarlet.cloud\/wp-content\/uploads\/2023\/05\/img_2277.jpg?fit=473%2C1024&amp;ssl=1\" src=\"https:\/\/i0.wp.com\/justinebonvarlet.cloud\/wp-content\/uploads\/2023\/05\/img_2277.jpg?resize=473%2C1024&#038;ssl=1\" alt=\"\" class=\"wp-image-2888\" srcset=\"https:\/\/i0.wp.com\/justinebonvarlet.cloud\/wp-content\/uploads\/2023\/05\/img_2277.jpg?resize=473%2C1024&amp;ssl=1 473w, https:\/\/i0.wp.com\/justinebonvarlet.cloud\/wp-content\/uploads\/2023\/05\/img_2277.jpg?resize=139%2C300&amp;ssl=1 139w, https:\/\/i0.wp.com\/justinebonvarlet.cloud\/wp-content\/uploads\/2023\/05\/img_2277.jpg?resize=768%2C1662&amp;ssl=1 768w, https:\/\/i0.wp.com\/justinebonvarlet.cloud\/wp-content\/uploads\/2023\/05\/img_2277.jpg?resize=710%2C1536&amp;ssl=1 710w, https:\/\/i0.wp.com\/justinebonvarlet.cloud\/wp-content\/uploads\/2023\/05\/img_2277.jpg?resize=946%2C2048&amp;ssl=1 946w, https:\/\/i0.wp.com\/justinebonvarlet.cloud\/wp-content\/uploads\/2023\/05\/img_2277.jpg?w=1170&amp;ssl=1 1170w\" sizes=\"auto, (max-width: 473px) 100vw, 473px\" \/><\/figure>\n\n\n\n<figure class=\"wp-block-image size-large\"><img data-recalc-dims=\"1\" loading=\"lazy\" decoding=\"async\" width=\"473\" height=\"1024\" data-attachment-id=\"2885\" data-permalink=\"https:\/\/justinebonvarlet.cloud\/index.php\/galerie-2\/justine-bonvarlet\/img_2278\/\" data-orig-file=\"https:\/\/i0.wp.com\/justinebonvarlet.cloud\/wp-content\/uploads\/2023\/05\/img_2278.jpg?fit=1170%2C2532&amp;ssl=1\" data-orig-size=\"1170,2532\" data-comments-opened=\"1\" data-image-meta=\"{&quot;aperture&quot;:&quot;0&quot;,&quot;credit&quot;:&quot;&quot;,&quot;camera&quot;:&quot;&quot;,&quot;caption&quot;:&quot;&quot;,&quot;created_timestamp&quot;:&quot;0&quot;,&quot;copyright&quot;:&quot;&quot;,&quot;focal_length&quot;:&quot;0&quot;,&quot;iso&quot;:&quot;0&quot;,&quot;shutter_speed&quot;:&quot;0&quot;,&quot;title&quot;:&quot;&quot;,&quot;orientation&quot;:&quot;1&quot;}\" data-image-title=\"img_2278\" data-image-description=\"\" data-image-caption=\"\" data-large-file=\"https:\/\/i0.wp.com\/justinebonvarlet.cloud\/wp-content\/uploads\/2023\/05\/img_2278.jpg?fit=473%2C1024&amp;ssl=1\" src=\"https:\/\/i0.wp.com\/justinebonvarlet.cloud\/wp-content\/uploads\/2023\/05\/img_2278.jpg?resize=473%2C1024&#038;ssl=1\" alt=\"\" class=\"wp-image-2885\" srcset=\"https:\/\/i0.wp.com\/justinebonvarlet.cloud\/wp-content\/uploads\/2023\/05\/img_2278.jpg?resize=473%2C1024&amp;ssl=1 473w, https:\/\/i0.wp.com\/justinebonvarlet.cloud\/wp-content\/uploads\/2023\/05\/img_2278.jpg?resize=139%2C300&amp;ssl=1 139w, https:\/\/i0.wp.com\/justinebonvarlet.cloud\/wp-content\/uploads\/2023\/05\/img_2278.jpg?resize=768%2C1662&amp;ssl=1 768w, https:\/\/i0.wp.com\/justinebonvarlet.cloud\/wp-content\/uploads\/2023\/05\/img_2278.jpg?resize=710%2C1536&amp;ssl=1 710w, https:\/\/i0.wp.com\/justinebonvarlet.cloud\/wp-content\/uploads\/2023\/05\/img_2278.jpg?resize=946%2C2048&amp;ssl=1 946w, https:\/\/i0.wp.com\/justinebonvarlet.cloud\/wp-content\/uploads\/2023\/05\/img_2278.jpg?w=1170&amp;ssl=1 1170w\" sizes=\"auto, (max-width: 473px) 100vw, 473px\" \/><\/figure>\n\n\n\n<p>Expo Salon du dessin et peinture \u00e0 l&rsquo;eau PARIS 2023 du 15 au 19 Fev 2023<\/p>\n\n\n\n<figure class=\"wp-block-gallery has-nested-images columns-default is-cropped wp-block-gallery-1 is-layout-flex wp-block-gallery-is-layout-flex\"><\/figure>\n\n\n\n<p>Expo Les Ballons 2022<\/p>\n\n\n\n<div class=\"wp-block-jetpack-tiled-gallery aligncenter is-style-rectangular\"><div class=\"\"><div class=\"tiled-gallery__gallery\"><div class=\"tiled-gallery__row\"><div class=\"tiled-gallery__col\" style=\"flex-basis:100.00000%\"><figure class=\"tiled-gallery__item\"><img decoding=\"async\" data-attachment-id=\"2795\" data-permalink=\"https:\/\/justinebonvarlet.cloud\/index.php\/galerie-2\/justine-bonvarlet\/capture-decran-2022-11-14-a-12-03-15-1\/\" data-orig-file=\"https:\/\/i0.wp.com\/justinebonvarlet.cloud\/wp-content\/uploads\/2022\/12\/Capture-decran-2022-11-14-a-12.03.15-1.jpeg?fit=1022%2C1509&amp;ssl=1\" data-orig-size=\"1022,1509\" data-comments-opened=\"1\" data-image-meta=\"{&quot;aperture&quot;:&quot;0&quot;,&quot;credit&quot;:&quot;&quot;,&quot;camera&quot;:&quot;&quot;,&quot;caption&quot;:&quot;&quot;,&quot;created_timestamp&quot;:&quot;1668427398&quot;,&quot;copyright&quot;:&quot;&quot;,&quot;focal_length&quot;:&quot;0&quot;,&quot;iso&quot;:&quot;0&quot;,&quot;shutter_speed&quot;:&quot;0&quot;,&quot;title&quot;:&quot;&quot;,&quot;orientation&quot;:&quot;1&quot;}\" data-image-title=\"Capture-decran-2022-11-14-a-12.03.15-1\" data-image-description=\"\" data-image-caption=\"\" data-large-file=\"https:\/\/i0.wp.com\/justinebonvarlet.cloud\/wp-content\/uploads\/2022\/12\/Capture-decran-2022-11-14-a-12.03.15-1.jpeg?fit=640%2C944&amp;ssl=1\" data-attachment-id=\"2795\" data-permalink=\"https:\/\/justinebonvarlet.cloud\/index.php\/galerie-2\/justine-bonvarlet\/capture-decran-2022-11-14-a-12-03-15-1\/\" data-orig-file=\"https:\/\/i0.wp.com\/justinebonvarlet.cloud\/wp-content\/uploads\/2022\/12\/Capture-decran-2022-11-14-a-12.03.15-1.jpeg?fit=1022%2C1509&amp;ssl=1\" data-orig-size=\"1022,1509\" data-comments-opened=\"1\" data-image-meta=\"{&quot;aperture&quot;:&quot;0&quot;,&quot;credit&quot;:&quot;&quot;,&quot;camera&quot;:&quot;&quot;,&quot;caption&quot;:&quot;&quot;,&quot;created_timestamp&quot;:&quot;1668427398&quot;,&quot;copyright&quot;:&quot;&quot;,&quot;focal_length&quot;:&quot;0&quot;,&quot;iso&quot;:&quot;0&quot;,&quot;shutter_speed&quot;:&quot;0&quot;,&quot;title&quot;:&quot;&quot;,&quot;orientation&quot;:&quot;1&quot;}\" data-image-title=\"Capture-decran-2022-11-14-a-12.03.15-1\" data-image-description=\"\" data-image-caption=\"\" data-large-file=\"https:\/\/i0.wp.com\/justinebonvarlet.cloud\/wp-content\/uploads\/2022\/12\/Capture-decran-2022-11-14-a-12.03.15-1.jpeg?fit=640%2C944&amp;ssl=1\" role=\"button\" tabindex=\"0\" aria-label=\"Ouvrir l\u2019image 1 sur 1 en plein \u00e9cran\"srcset=\"https:\/\/i2.wp.com\/justinebonvarlet.cloud\/wp-content\/uploads\/2022\/12\/Capture-decran-2022-11-14-a-12.03.15-1-694x1024.jpeg?strip=info&#038;w=600 600w,https:\/\/i2.wp.com\/justinebonvarlet.cloud\/wp-content\/uploads\/2022\/12\/Capture-decran-2022-11-14-a-12.03.15-1-694x1024.jpeg?strip=info&#038;w=900 900w,https:\/\/i2.wp.com\/justinebonvarlet.cloud\/wp-content\/uploads\/2022\/12\/Capture-decran-2022-11-14-a-12.03.15-1-694x1024.jpeg?strip=info&#038;w=1022 1022w\" alt=\"\" data-height=\"1509\" data-id=\"2795\" data-link=\"https:\/\/justinebonvarlet.cloud\/?attachment_id=2795\" data-url=\"https:\/\/justinebonvarlet.cloud\/wp-content\/uploads\/2022\/12\/Capture-decran-2022-11-14-a-12.03.15-1-694x1024.jpeg\" data-width=\"1022\" src=\"https:\/\/i2.wp.com\/justinebonvarlet.cloud\/wp-content\/uploads\/2022\/12\/Capture-decran-2022-11-14-a-12.03.15-1-694x1024.jpeg\" data-amp-layout=\"responsive\" tabindex=\"0\" role=\"button\" aria-label=\"Ouvrir l\u2019image 1 sur 1 en plein \u00e9cran\"\/><\/figure><\/div><\/div><\/div><\/div><\/div>\n\n\n\n<figure class=\"wp-block-image size-large\"><img data-recalc-dims=\"1\" loading=\"lazy\" decoding=\"async\" width=\"640\" height=\"763\" data-attachment-id=\"2666\" data-permalink=\"https:\/\/justinebonvarlet.cloud\/index.php\/galerie-2\/justine-bonvarlet\/img_0032-1\/\" data-orig-file=\"https:\/\/i0.wp.com\/justinebonvarlet.cloud\/wp-content\/uploads\/2022\/08\/img_0032-1.jpg?fit=1170%2C1395&amp;ssl=1\" data-orig-size=\"1170,1395\" data-comments-opened=\"1\" data-image-meta=\"{&quot;aperture&quot;:&quot;0&quot;,&quot;credit&quot;:&quot;&quot;,&quot;camera&quot;:&quot;&quot;,&quot;caption&quot;:&quot;&quot;,&quot;created_timestamp&quot;:&quot;1659549595&quot;,&quot;copyright&quot;:&quot;&quot;,&quot;focal_length&quot;:&quot;0&quot;,&quot;iso&quot;:&quot;0&quot;,&quot;shutter_speed&quot;:&quot;0&quot;,&quot;title&quot;:&quot;&quot;,&quot;orientation&quot;:&quot;1&quot;}\" data-image-title=\"img_0032-1\" data-image-description=\"\" data-image-caption=\"\" data-large-file=\"https:\/\/i0.wp.com\/justinebonvarlet.cloud\/wp-content\/uploads\/2022\/08\/img_0032-1.jpg?fit=640%2C763&amp;ssl=1\" src=\"https:\/\/i0.wp.com\/justinebonvarlet.cloud\/wp-content\/uploads\/2022\/08\/img_0032-1.jpg?resize=640%2C763&#038;ssl=1\" alt=\"\" class=\"wp-image-2666\" srcset=\"https:\/\/i0.wp.com\/justinebonvarlet.cloud\/wp-content\/uploads\/2022\/08\/img_0032-1.jpg?resize=859%2C1024&amp;ssl=1 859w, https:\/\/i0.wp.com\/justinebonvarlet.cloud\/wp-content\/uploads\/2022\/08\/img_0032-1.jpg?resize=252%2C300&amp;ssl=1 252w, https:\/\/i0.wp.com\/justinebonvarlet.cloud\/wp-content\/uploads\/2022\/08\/img_0032-1.jpg?resize=768%2C916&amp;ssl=1 768w, https:\/\/i0.wp.com\/justinebonvarlet.cloud\/wp-content\/uploads\/2022\/08\/img_0032-1.jpg?w=1170&amp;ssl=1 1170w\" sizes=\"auto, (max-width: 640px) 100vw, 640px\" \/><figcaption class=\"wp-element-caption\">Expo de dessins \u00ab  Souvenirs de Majorque \u00ab  ao\u00fbt 2022<\/figcaption><\/figure>\n\n\n\n<figure class=\"wp-block-image size-large is-resized\"><img data-recalc-dims=\"1\" loading=\"lazy\" decoding=\"async\" width=\"640\" height=\"640\" data-attachment-id=\"2259\" data-permalink=\"https:\/\/justinebonvarlet.cloud\/index.php\/galerie-2\/justine-bonvarlet\/carton-4\/\" data-orig-file=\"https:\/\/i0.wp.com\/justinebonvarlet.cloud\/wp-content\/uploads\/2022\/04\/carton-4.jpg?fit=1772%2C1772&amp;ssl=1\" data-orig-size=\"1772,1772\" data-comments-opened=\"0\" data-image-meta=\"{&quot;aperture&quot;:&quot;0&quot;,&quot;credit&quot;:&quot;&quot;,&quot;camera&quot;:&quot;&quot;,&quot;caption&quot;:&quot;&quot;,&quot;created_timestamp&quot;:&quot;0&quot;,&quot;copyright&quot;:&quot;&quot;,&quot;focal_length&quot;:&quot;0&quot;,&quot;iso&quot;:&quot;0&quot;,&quot;shutter_speed&quot;:&quot;0&quot;,&quot;title&quot;:&quot;&quot;,&quot;orientation&quot;:&quot;0&quot;}\" data-image-title=\"carton-4\" data-image-description=\"\" data-image-caption=\"\" data-large-file=\"https:\/\/i0.wp.com\/justinebonvarlet.cloud\/wp-content\/uploads\/2022\/04\/carton-4.jpg?fit=640%2C640&amp;ssl=1\" src=\"https:\/\/i0.wp.com\/justinebonvarlet.cloud\/wp-content\/uploads\/2022\/04\/carton-4.jpg?resize=640%2C640&#038;ssl=1\" alt=\"\" class=\"wp-image-2259\" style=\"width:324px;height:324px\" srcset=\"https:\/\/i0.wp.com\/justinebonvarlet.cloud\/wp-content\/uploads\/2022\/04\/carton-4.jpg?resize=1024%2C1024&amp;ssl=1 1024w, https:\/\/i0.wp.com\/justinebonvarlet.cloud\/wp-content\/uploads\/2022\/04\/carton-4.jpg?resize=300%2C300&amp;ssl=1 300w, https:\/\/i0.wp.com\/justinebonvarlet.cloud\/wp-content\/uploads\/2022\/04\/carton-4.jpg?resize=150%2C150&amp;ssl=1 150w, https:\/\/i0.wp.com\/justinebonvarlet.cloud\/wp-content\/uploads\/2022\/04\/carton-4.jpg?resize=768%2C768&amp;ssl=1 768w, https:\/\/i0.wp.com\/justinebonvarlet.cloud\/wp-content\/uploads\/2022\/04\/carton-4.jpg?resize=1536%2C1536&amp;ssl=1 1536w, https:\/\/i0.wp.com\/justinebonvarlet.cloud\/wp-content\/uploads\/2022\/04\/carton-4.jpg?resize=1568%2C1568&amp;ssl=1 1568w, https:\/\/i0.wp.com\/justinebonvarlet.cloud\/wp-content\/uploads\/2022\/04\/carton-4.jpg?resize=50%2C50&amp;ssl=1 50w, https:\/\/i0.wp.com\/justinebonvarlet.cloud\/wp-content\/uploads\/2022\/04\/carton-4.jpg?w=1772&amp;ssl=1 1772w, https:\/\/i0.wp.com\/justinebonvarlet.cloud\/wp-content\/uploads\/2022\/04\/carton-4.jpg?w=1280&amp;ssl=1 1280w\" sizes=\"auto, (max-width: 640px) 100vw, 640px\" \/><figcaption class=\"wp-element-caption\">Carton d&rsquo;invitation ST QUAY PORTRIEUX <a href=\"https:\/\/www.saintquayportrieux.fr\" target=\"_blank\" rel=\"noreferrer noopener\">https:\/\/www.saintquayportrieux.fr<\/a><\/figcaption><\/figure>\n\n\n\n<figure class=\"wp-block-image size-large\"><img data-recalc-dims=\"1\" loading=\"lazy\" decoding=\"async\" width=\"640\" height=\"603\" data-attachment-id=\"2277\" data-permalink=\"https:\/\/justinebonvarlet.cloud\/index.php\/galerie-2\/justine-bonvarlet\/capture-decran-2022-04-03-a-20-18-19\/\" data-orig-file=\"https:\/\/i0.wp.com\/justinebonvarlet.cloud\/wp-content\/uploads\/2022\/04\/Capture-decran-2022-04-03-a-20.18.19.jpeg?fit=1826%2C1720&amp;ssl=1\" data-orig-size=\"1826,1720\" data-comments-opened=\"0\" data-image-meta=\"{&quot;aperture&quot;:&quot;0&quot;,&quot;credit&quot;:&quot;&quot;,&quot;camera&quot;:&quot;&quot;,&quot;caption&quot;:&quot;&quot;,&quot;created_timestamp&quot;:&quot;1649017101&quot;,&quot;copyright&quot;:&quot;&quot;,&quot;focal_length&quot;:&quot;0&quot;,&quot;iso&quot;:&quot;0&quot;,&quot;shutter_speed&quot;:&quot;0&quot;,&quot;title&quot;:&quot;&quot;,&quot;orientation&quot;:&quot;1&quot;}\" data-image-title=\"Capture d\u2019\u00e9cran 2022-04-03 \u00e0 20.18.19\" data-image-description=\"\" data-image-caption=\"\" data-large-file=\"https:\/\/i0.wp.com\/justinebonvarlet.cloud\/wp-content\/uploads\/2022\/04\/Capture-decran-2022-04-03-a-20.18.19.jpeg?fit=640%2C603&amp;ssl=1\" src=\"https:\/\/i0.wp.com\/justinebonvarlet.cloud\/wp-content\/uploads\/2022\/04\/Capture-decran-2022-04-03-a-20.18.19.jpeg?resize=640%2C603&#038;ssl=1\" alt=\"\" class=\"wp-image-2277\" srcset=\"https:\/\/i0.wp.com\/justinebonvarlet.cloud\/wp-content\/uploads\/2022\/04\/Capture-decran-2022-04-03-a-20.18.19.jpeg?resize=1024%2C965&amp;ssl=1 1024w, https:\/\/i0.wp.com\/justinebonvarlet.cloud\/wp-content\/uploads\/2022\/04\/Capture-decran-2022-04-03-a-20.18.19.jpeg?resize=300%2C283&amp;ssl=1 300w, https:\/\/i0.wp.com\/justinebonvarlet.cloud\/wp-content\/uploads\/2022\/04\/Capture-decran-2022-04-03-a-20.18.19.jpeg?resize=768%2C723&amp;ssl=1 768w, https:\/\/i0.wp.com\/justinebonvarlet.cloud\/wp-content\/uploads\/2022\/04\/Capture-decran-2022-04-03-a-20.18.19.jpeg?resize=1536%2C1447&amp;ssl=1 1536w, https:\/\/i0.wp.com\/justinebonvarlet.cloud\/wp-content\/uploads\/2022\/04\/Capture-decran-2022-04-03-a-20.18.19.jpeg?resize=1568%2C1477&amp;ssl=1 1568w, https:\/\/i0.wp.com\/justinebonvarlet.cloud\/wp-content\/uploads\/2022\/04\/Capture-decran-2022-04-03-a-20.18.19.jpeg?w=1826&amp;ssl=1 1826w, https:\/\/i0.wp.com\/justinebonvarlet.cloud\/wp-content\/uploads\/2022\/04\/Capture-decran-2022-04-03-a-20.18.19.jpeg?w=1280&amp;ssl=1 1280w\" sizes=\"auto, (max-width: 640px) 100vw, 640px\" \/><figcaption class=\"wp-element-caption\">Tee shirt the MASK<\/figcaption><\/figure>\n\n\n\n\n\n\n","protected":false},"excerpt":{"rendered":"<p>Expo collective au 44 e salon International de Haute Loire du 9 au 24 aout 2023 Expo Galerie Les N\u00e9r\u00e9ides \u00e0 st Quay Avril 2023 Expo Salon du dessin et peinture \u00e0 l&rsquo;eau PARIS 2023 du 15 au 19 Fev 2023 Expo Les Ballons 2022<\/p>\n","protected":false},"author":1,"featured_media":0,"parent":184,"menu_order":0,"comment_status":"closed","ping_status":"closed","template":"","meta":{"footnotes":""},"class_list":["post-5","page","type-page","status-publish","hentry","entry"],"jetpack_likes_enabled":true,"jetpack_sharing_enabled":true,"_links":{"self":[{"href":"https:\/\/justinebonvarlet.cloud\/index.php\/wp-json\/wp\/v2\/pages\/5","targetHints":{"allow":["GET"]}}],"collection":[{"href":"https:\/\/justinebonvarlet.cloud\/index.php\/wp-json\/wp\/v2\/pages"}],"about":[{"href":"https:\/\/justinebonvarlet.cloud\/index.php\/wp-json\/wp\/v2\/types\/page"}],"author":[{"embeddable":true,"href":"https:\/\/justinebonvarlet.cloud\/index.php\/wp-json\/wp\/v2\/users\/1"}],"replies":[{"embeddable":true,"href":"https:\/\/justinebonvarlet.cloud\/index.php\/wp-json\/wp\/v2\/comments?post=5"}],"version-history":[{"count":38,"href":"https:\/\/justinebonvarlet.cloud\/index.php\/wp-json\/wp\/v2\/pages\/5\/revisions"}],"predecessor-version":[{"id":3432,"href":"https:\/\/justinebonvarlet.cloud\/index.php\/wp-json\/wp\/v2\/pages\/5\/revisions\/3432"}],"up":[{"embeddable":true,"href":"https:\/\/justinebonvarlet.cloud\/index.php\/wp-json\/wp\/v2\/pages\/184"}],"wp:attachment":[{"href":"https:\/\/justinebonvarlet.cloud\/index.php\/wp-json\/wp\/v2\/media?parent=5"}],"curies":[{"name":"wp","href":"https:\/\/api.w.org\/{rel}","templated":true}]}}